{"id":22,"date":"2020-08-19T10:29:32","date_gmt":"2020-08-19T10:29:32","guid":{"rendered":"https:\/\/mhcalculos.com.br\/market\/?page_id=22"},"modified":"2020-08-19T10:29:32","modified_gmt":"2020-08-19T10:29:32","slug":"book-a-call","status":"publish","type":"page","link":"https:\/\/mhcalculos.com.br\/market\/book-a-call\/","title":{"rendered":"Book A Call"},"content":{"rendered":"<p><div class=\"fusion-fullwidth fullwidth-box fusion-builder-row-1 fusion-flex-container nonhundred-percent-fullwidth non-hundred-percent-height-scrolling\" style=\"--awb-border-radius-top-left:0px;--awb-border-radius-top-right:0px;--awb-border-radius-bottom-right:0px;--awb-border-radius-bottom-left:0px;--awb-padding-top:6%;--awb-padding-bottom:6%;--awb-flex-wrap:wrap;\" ><div class=\"fusion-builder-row fusion-row fusion-flex-align-items-center fusion-flex-content-wrap\" style=\"max-width:1216.8px;margin-left: calc(-4% \/ 2 );margin-right: calc(-4% \/ 2 );\"><div class=\"fusion-layout-column fusion_builder_column fusion-builder-column-0 fusion_builder_column_1_2 1_2 fusion-flex-column\" style=\"--awb-padding-right:77px;--awb-bg-size:cover;--awb-width-large:50%;--awb-spacing-right-large:3.84%;--awb-margin-bottom-large:20px;--awb-spacing-left-large:3.84%;--awb-width-medium:100%;--awb-order-medium:0;--awb-spacing-right-medium:1.92%;--awb-spacing-left-medium:1.92%;--awb-width-small:100%;--awb-order-small:0;--awb-spacing-right-small:1.92%;--awb-spacing-left-small:1.92%;\"><div class=\"fusion-column-wrapper fusion-column-has-shadow fusion-flex-justify-content-flex-start fusion-content-layout-column\"><div class=\"fusion-title title fusion-title-1 fusion-title-text fusion-title-size-two\" style=\"--awb-margin-top-small:0px;--awb-margin-right-small:0px;--awb-margin-bottom-small:20px;--awb-margin-left-small:0px;--awb-font-size:35px;\"><div class=\"title-sep-container title-sep-container-left fusion-no-large-visibility fusion-no-medium-visibility fusion-no-small-visibility\"><div class=\"title-sep sep-single sep-solid\" style=\"border-color:#e0dede;\"><\/div><\/div><span class=\"awb-title-spacer fusion-no-large-visibility fusion-no-medium-visibility fusion-no-small-visibility\"><\/span><h2 class=\"fusion-title-heading title-heading-left fusion-responsive-typography-calculated\" style=\"margin:0;letter-spacing:-1px;font-size:1em;--fontSize:35;line-height:1.2;\">Financial Freedom could be just one phonecall away&#8230;<\/h2><span class=\"awb-title-spacer\"><\/span><div class=\"title-sep-container title-sep-container-right\"><div class=\"title-sep sep-single sep-solid\" style=\"border-color:#e0dede;\"><\/div><\/div><\/div><div class=\"fusion-image-element \" style=\"--awb-margin-top:5px;--awb-margin-bottom:20px;--awb-max-width:70px;--awb-caption-title-font-family:var(--h2_typography-font-family);--awb-caption-title-font-weight:var(--h2_typography-font-weight);--awb-caption-title-font-style:var(--h2_typography-font-style);--awb-caption-title-size:var(--h2_typography-font-size);--awb-caption-title-transform:var(--h2_typography-text-transform);--awb-caption-title-line-height:var(--h2_typography-line-height);--awb-caption-title-letter-spacing:var(--h2_typography-letter-spacing);\"><span class=\" fusion-imageframe imageframe-none imageframe-1 hover-type-none\"><img decoding=\"async\" width=\"141\" height=\"30\" alt=\"slant-separator\" title=\"Separator\" src=\"https:\/\/mhcalculos.com.br\/market\/wp-content\/uploads\/sites\/3\/2020\/08\/slant-separator.png\" class=\"img-responsive wp-image-124\"\/><\/span><\/div><div class=\"fusion-text fusion-text-1\"><p>Lorem ipsum dolor sit amet, consectetur adipiscing elit. Maecenas magna ligula, rutrum in venenatis aliquet, congue gravida lorem. Aliquam convallis orci a odio imperdiet, nec pharetra odio porta. Aenean quis tincidunt elit. Donec feugiat, justo interdum tincidunt efficitur, tortor diam volutpat libero, sed accumsan erat mauris ac elit. Donec ultricies nisi quis leo aliquam faucibus quis et metus. Donec eget viverra arcu. Duis feugiat diam dolor, sed placerat nibh condimentum ac. Aliquam in rutrum ante.<\/p>\n<\/div><\/div><\/div><div class=\"fusion-layout-column fusion_builder_column fusion-builder-column-1 fusion_builder_column_1_2 1_2 fusion-flex-column\" style=\"--awb-padding-right:77px;--awb-bg-size:cover;--awb-width-large:50%;--awb-spacing-right-large:3.84%;--awb-margin-bottom-large:20px;--awb-spacing-left-large:3.84%;--awb-width-medium:100%;--awb-order-medium:0;--awb-spacing-right-medium:1.92%;--awb-spacing-left-medium:1.92%;--awb-width-small:100%;--awb-order-small:0;--awb-spacing-right-small:1.92%;--awb-spacing-left-small:1.92%;\"><div class=\"fusion-column-wrapper fusion-column-has-shadow fusion-flex-justify-content-flex-start fusion-content-layout-column\"><div class=\"fusion-title title fusion-title-2 fusion-title-text fusion-title-size-two\" style=\"--awb-margin-top-small:0px;--awb-margin-right-small:0px;--awb-margin-bottom-small:20px;--awb-margin-left-small:0px;--awb-font-size:35px;\"><div class=\"title-sep-container title-sep-container-left fusion-no-large-visibility fusion-no-medium-visibility fusion-no-small-visibility\"><div class=\"title-sep sep-single sep-solid\" style=\"border-color:#e0dede;\"><\/div><\/div><span class=\"awb-title-spacer fusion-no-large-visibility fusion-no-medium-visibility fusion-no-small-visibility\"><\/span><h2 class=\"fusion-title-heading title-heading-left fusion-responsive-typography-calculated\" style=\"margin:0;letter-spacing:-1px;font-size:1em;--fontSize:35;line-height:1.2;\">Financial Freedom could be just one phonecall away&#8230;<\/h2><span class=\"awb-title-spacer\"><\/span><div class=\"title-sep-container title-sep-container-right\"><div class=\"title-sep sep-single sep-solid\" style=\"border-color:#e0dede;\"><\/div><\/div><\/div><div class=\"fusion-image-element \" style=\"--awb-margin-top:5px;--awb-margin-bottom:20px;--awb-max-width:70px;--awb-caption-title-font-family:var(--h2_typography-font-family);--awb-caption-title-font-weight:var(--h2_typography-font-weight);--awb-caption-title-font-style:var(--h2_typography-font-style);--awb-caption-title-size:var(--h2_typography-font-size);--awb-caption-title-transform:var(--h2_typography-text-transform);--awb-caption-title-line-height:var(--h2_typography-line-height);--awb-caption-title-letter-spacing:var(--h2_typography-letter-spacing);\"><span class=\" fusion-imageframe imageframe-none imageframe-2 hover-type-none\"><img decoding=\"async\" width=\"141\" height=\"30\" alt=\"slant-separator\" title=\"Separator\" src=\"https:\/\/mhcalculos.com.br\/market\/wp-content\/uploads\/sites\/3\/2020\/08\/slant-separator.png\" class=\"img-responsive wp-image-124\"\/><\/span><\/div><div class=\"fusion-text fusion-text-2\"><p>Lorem ipsum dolor sit amet, consectetur adipiscing elit. Maecenas magna ligula, rutrum in venenatis aliquet, congue gravida lorem. Aliquam convallis orci a odio imperdiet, nec pharetra odio porta. Aenean quis tincidunt elit. Donec feugiat, justo interdum tincidunt efficitur, tortor diam volutpat libero, sed accumsan erat mauris ac elit. Donec ultricies nisi quis leo aliquam faucibus quis et metus. Donec eget viverra arcu. Duis feugiat diam dolor, sed placerat nibh condimentum ac. Aliquam in rutrum ante.<\/p>\n<\/div><\/div><\/div><\/div><\/div><div class=\"fusion-fullwidth fullwidth-box fusion-builder-row-2 fusion-flex-container nonhundred-percent-fullwidth non-hundred-percent-height-scrolling\" style=\"--awb-border-radius-top-left:0px;--awb-border-radius-top-right:0px;--awb-border-radius-bottom-right:0px;--awb-border-radius-bottom-left:0px;--awb-padding-top:6%;--awb-padding-bottom:6%;--awb-flex-wrap:wrap;\" ><div class=\"fusion-builder-row fusion-row fusion-flex-align-items-flex-start fusion-flex-content-wrap\" style=\"max-width:1216.8px;margin-left: calc(-4% \/ 2 );margin-right: calc(-4% \/ 2 );\"><div class=\"fusion-layout-column fusion_builder_column fusion-builder-column-2 fusion_builder_column_1_1 1_1 fusion-flex-column\" style=\"--awb-padding-top:40px;--awb-padding-right:40px;--awb-padding-bottom:400px;--awb-padding-left:40px;--awb-padding-bottom-small:48px;--awb-overflow:hidden;--awb-bg-image:url(&#039;https:\/\/mhcalculos.com.br\/market\/wp-content\/uploads\/sites\/3\/2020\/08\/footer-background-colours.svg&#039;);--awb-bg-position:center top;--awb-bg-size:cover;--awb-border-radius:18px 18px 18px 18px;--awb-width-large:100%;--awb-spacing-right-large:1.92%;--awb-margin-bottom-large:20px;--awb-spacing-left-large:1.92%;--awb-width-medium:100%;--awb-order-medium:0;--awb-spacing-right-medium:1.92%;--awb-spacing-left-medium:1.92%;--awb-width-small:100%;--awb-order-small:0;--awb-spacing-right-small:1.92%;--awb-spacing-left-small:1.92%;\"><div class=\"fusion-column-wrapper fusion-column-has-shadow fusion-flex-justify-content-flex-start fusion-content-layout-column fusion-column-has-bg-image\" data-bg-url=\"https:\/\/mhcalculos.com.br\/market\/wp-content\/uploads\/sites\/3\/2020\/08\/footer-background-colours.svg\"><div class=\"fusion-title title fusion-title-3 fusion-title-text fusion-title-size-two\" style=\"--awb-text-color:var(--awb-color1);--awb-margin-top-small:0px;--awb-margin-right-small:0px;--awb-margin-bottom-small:20px;--awb-margin-left-small:0px;--awb-font-size:45px;\"><div class=\"title-sep-container title-sep-container-left fusion-no-large-visibility fusion-no-medium-visibility fusion-no-small-visibility\"><div class=\"title-sep sep-single sep-solid\" style=\"border-color:#e0dede;\"><\/div><\/div><span class=\"awb-title-spacer fusion-no-large-visibility fusion-no-medium-visibility fusion-no-small-visibility\"><\/span><h2 class=\"fusion-title-heading title-heading-left fusion-responsive-typography-calculated\" style=\"margin:0;font-size:1em;--fontSize:45;line-height:1.4;\">We\u2018ve helped thousands of people achieve peace of mind and financial freedom&#8230;<\/h2><span class=\"awb-title-spacer\"><\/span><div class=\"title-sep-container title-sep-container-right\"><div class=\"title-sep sep-single sep-solid\" style=\"border-color:#e0dede;\"><\/div><\/div><\/div><\/div><\/div><div class=\"fusion-layout-column fusion_builder_column fusion-builder-column-3 fusion_builder_column_1_2 1_2 fusion-flex-column\" style=\"--awb-padding-top:70px;--awb-padding-right:70px;--awb-padding-bottom:50px;--awb-padding-left:70px;--awb-overflow:hidden;--awb-bg-color:hsla(var(--awb-color1-h),var(--awb-color1-s),var(--awb-color1-l),calc( var(--awb-color1-a) - 10% ));--awb-bg-color-hover:hsla(var(--awb-color1-h),var(--awb-color1-s),var(--awb-color1-l),calc( var(--awb-color1-a) - 10% ));--awb-bg-size:cover;--awb-box-shadow:0px 10px 23px 5px hsla(var(--awb-color2-h),var(--awb-color2-s),calc( var(--awb-color2-l) - 89% ),calc( var(--awb-color2-a) - 85% ));;--awb-border-radius:18px 18px 18px 18px;--awb-width-large:50%;--awb-margin-top-large:-380px;--awb-spacing-right-large:3.84%;--awb-margin-bottom-large:20px;--awb-spacing-left-large:-20px;--awb-width-medium:100%;--awb-order-medium:0;--awb-spacing-right-medium:1.92%;--awb-spacing-left-medium:0px;--awb-width-small:100%;--awb-order-small:0;--awb-margin-top-small:0px;--awb-spacing-right-small:1.92%;--awb-spacing-left-small:1.92%;\"><div class=\"fusion-column-wrapper fusion-column-has-shadow fusion-flex-justify-content-flex-start fusion-content-layout-column\"><div class=\"fusion-image-element \" style=\"text-align:center;--awb-margin-bottom:30px;--awb-max-width:130px;--awb-caption-title-font-family:var(--h2_typography-font-family);--awb-caption-title-font-weight:var(--h2_typography-font-weight);--awb-caption-title-font-style:var(--h2_typography-font-style);--awb-caption-title-size:var(--h2_typography-font-size);--awb-caption-title-transform:var(--h2_typography-text-transform);--awb-caption-title-line-height:var(--h2_typography-line-height);--awb-caption-title-letter-spacing:var(--h2_typography-letter-spacing);\"><span class=\" fusion-imageframe imageframe-none imageframe-3 hover-type-none\" style=\"border-radius:50%;\"><img decoding=\"async\" width=\"494\" height=\"494\" alt=\"testimonial-about-1\" title=\"Testimonial\" src=\"https:\/\/mhcalculos.com.br\/market\/wp-content\/uploads\/sites\/3\/2020\/08\/testimonial-about-1.jpg\" class=\"img-responsive wp-image-214\"\/><\/span><\/div><div class=\"fusion-text fusion-text-3\" style=\"--awb-content-alignment:center;--awb-font-size:32px;--awb-text-color:var(--awb-color5);--awb-text-font-family:var(--awb-typography1-font-family);--awb-text-font-weight:var(--awb-typography1-font-weight);--awb-text-font-style:var(--awb-typography1-font-style);\"><p>Phenomenal<\/p>\n<\/div><div class=\"fusion-text fusion-text-4\" style=\"--awb-content-alignment:center;--awb-font-size:14px;\"><p>Lorem ipsum dolor sit amet, consectetur adipiscing elit. Integer porta aliquam ligula ut rutrum. Curabitur scelerisque congue nunc ut malesuada. Mauris erat diam, blandit nec suscipit sed, sodales non est. Nulla magna enim, blandit eget felis eget, lobortis scelerisque dui. Curabitur hendrerit mauris bibendum dolor scelerisque, sed imperdiet erat fringilla.<\/p>\n<\/div><div class=\"fusion-text fusion-text-5\" style=\"--awb-content-alignment:center;\"><p><strong>Samantha Carlton<\/strong><\/p>\n<\/div><\/div><\/div><div class=\"fusion-layout-column fusion_builder_column fusion-builder-column-4 fusion_builder_column_1_2 1_2 fusion-flex-column\" style=\"--awb-padding-top:70px;--awb-padding-right:70px;--awb-padding-bottom:50px;--awb-padding-left:70px;--awb-overflow:hidden;--awb-bg-color:hsla(var(--awb-color1-h),var(--awb-color1-s),var(--awb-color1-l),calc( var(--awb-color1-a) - 10% ));--awb-bg-color-hover:hsla(var(--awb-color1-h),var(--awb-color1-s),var(--awb-color1-l),calc( var(--awb-color1-a) - 10% ));--awb-bg-size:cover;--awb-box-shadow:0px 10px 23px 5px hsla(var(--awb-color2-h),var(--awb-color2-s),calc( var(--awb-color2-l) - 89% ),calc( var(--awb-color2-a) - 85% ));;--awb-border-radius:18px 18px 18px 18px;--awb-width-large:50%;--awb-margin-top-large:-340px;--awb-spacing-right-large:-20px;--awb-margin-bottom-large:20px;--awb-spacing-left-large:3.84%;--awb-width-medium:100%;--awb-order-medium:0;--awb-spacing-right-medium:0px;--awb-spacing-left-medium:1.92%;--awb-width-small:100%;--awb-order-small:0;--awb-margin-top-small:0px;--awb-spacing-right-small:1.92%;--awb-spacing-left-small:1.92%;\"><div class=\"fusion-column-wrapper fusion-column-has-shadow fusion-flex-justify-content-flex-start fusion-content-layout-column\"><div class=\"fusion-image-element \" style=\"text-align:center;--awb-margin-bottom:30px;--awb-max-width:130px;--awb-caption-title-font-family:var(--h2_typography-font-family);--awb-caption-title-font-weight:var(--h2_typography-font-weight);--awb-caption-title-font-style:var(--h2_typography-font-style);--awb-caption-title-size:var(--h2_typography-font-size);--awb-caption-title-transform:var(--h2_typography-text-transform);--awb-caption-title-line-height:var(--h2_typography-line-height);--awb-caption-title-letter-spacing:var(--h2_typography-letter-spacing);\"><span class=\" fusion-imageframe imageframe-none imageframe-4 hover-type-none\" style=\"border-radius:50%;\"><img decoding=\"async\" width=\"494\" height=\"494\" alt=\"testimonial-about-2\" title=\"Testimonial\" src=\"https:\/\/mhcalculos.com.br\/market\/wp-content\/uploads\/sites\/3\/2020\/08\/testimonial-about-2.jpg\" class=\"img-responsive wp-image-218\"\/><\/span><\/div><div class=\"fusion-text fusion-text-6\" style=\"--awb-content-alignment:center;--awb-font-size:32px;--awb-text-color:var(--awb-color5);--awb-text-font-family:var(--awb-typography1-font-family);--awb-text-font-weight:var(--awb-typography1-font-weight);--awb-text-font-style:var(--awb-typography1-font-style);\"><p>Incredible<\/p>\n<\/div><div class=\"fusion-text fusion-text-7\" style=\"--awb-content-alignment:center;--awb-font-size:14px;\"><p>Lorem ipsum dolor sit amet, consectetur adipiscing elit. Integer porta aliquam ligula ut rutrum. Curabitur scelerisque congue nunc ut malesuada. Mauris erat diam, blandit nec suscipit sed, sodales non est. Nulla magna enim, blandit eget felis eget, lobortis scelerisque dui. Curabitur hendrerit mauris bibendum dolor scelerisque, sed imperdiet erat fringilla.<\/p>\n<\/div><div class=\"fusion-text fusion-text-8\" style=\"--awb-content-alignment:center;\"><p><strong>Andrew Right<\/strong><\/p>\n<\/div><\/div><\/div><\/div><\/div><\/p>\n","protected":false},"excerpt":{"rendered":"","protected":false},"author":17,"featured_media":0,"parent":0,"menu_order":0,"comment_status":"closed","ping_status":"closed","template":"100-width.php","meta":{"_acf_changed":false,"footnotes":""},"class_list":["post-22","page","type-page","status-publish","hentry"],"yoast_head":"<!-- This site is optimized with the Yoast SEO plugin v27.2 - https:\/\/yoast.com\/product\/yoast-seo-wordpress\/ -->\n<title>Book A Call | MH C\u00e1lculos Market<\/title>\n<meta name=\"robots\" content=\"index, follow, max-snippet:-1, max-image-preview:large, max-video-preview:-1\" \/>\n<link rel=\"canonical\" href=\"https:\/\/mhcalculos.com.br\/market\/book-a-call\/\" \/>\n<meta property=\"og:locale\" content=\"pt_BR\" \/>\n<meta property=\"og:type\" content=\"article\" \/>\n<meta property=\"og:title\" content=\"Book A Call | MH C\u00e1lculos Market\" \/>\n<meta property=\"og:url\" content=\"https:\/\/mhcalculos.com.br\/market\/book-a-call\/\" \/>\n<meta property=\"og:site_name\" content=\"MH C\u00e1lculos Market\" \/>\n<meta name=\"twitter:card\" content=\"summary_large_image\" \/>\n<meta name=\"twitter:label1\" content=\"Est. tempo de leitura\" \/>\n\t<meta name=\"twitter:data1\" content=\"12 minutos\" \/>\n<script type=\"application\/ld+json\" class=\"yoast-schema-graph\">{\"@context\":\"https:\/\/schema.org\",\"@graph\":[{\"@type\":\"WebPage\",\"@id\":\"https:\/\/mhcalculos.com.br\/market\/book-a-call\/\",\"url\":\"https:\/\/mhcalculos.com.br\/market\/book-a-call\/\",\"name\":\"Book A Call | MH C\u00e1lculos Market\",\"isPartOf\":{\"@id\":\"https:\/\/mhcalculos.com.br\/market\/#website\"},\"datePublished\":\"2020-08-19T10:29:32+00:00\",\"breadcrumb\":{\"@id\":\"https:\/\/mhcalculos.com.br\/market\/book-a-call\/#breadcrumb\"},\"inLanguage\":\"pt-BR\",\"potentialAction\":[{\"@type\":\"ReadAction\",\"target\":[\"https:\/\/mhcalculos.com.br\/market\/book-a-call\/\"]}]},{\"@type\":\"BreadcrumbList\",\"@id\":\"https:\/\/mhcalculos.com.br\/market\/book-a-call\/#breadcrumb\",\"itemListElement\":[{\"@type\":\"ListItem\",\"position\":1,\"name\":\"In\u00edcio\",\"item\":\"https:\/\/mhcalculos.com.br\/market\/\"},{\"@type\":\"ListItem\",\"position\":2,\"name\":\"Book A Call\"}]},{\"@type\":\"WebSite\",\"@id\":\"https:\/\/mhcalculos.com.br\/market\/#website\",\"url\":\"https:\/\/mhcalculos.com.br\/market\/\",\"name\":\"MH C\u00e1lculos Market\",\"description\":\"\u00c1rea de Cliente da MH C\u00e1lculos\",\"publisher\":{\"@id\":\"https:\/\/mhcalculos.com.br\/market\/#organization\"},\"potentialAction\":[{\"@type\":\"SearchAction\",\"target\":{\"@type\":\"EntryPoint\",\"urlTemplate\":\"https:\/\/mhcalculos.com.br\/market\/?s={search_term_string}\"},\"query-input\":{\"@type\":\"PropertyValueSpecification\",\"valueRequired\":true,\"valueName\":\"search_term_string\"}}],\"inLanguage\":\"pt-BR\"},{\"@type\":\"Organization\",\"@id\":\"https:\/\/mhcalculos.com.br\/market\/#organization\",\"name\":\"MH C\u00e1lculos Judiciais\",\"url\":\"https:\/\/mhcalculos.com.br\/market\/\",\"logo\":{\"@type\":\"ImageObject\",\"inLanguage\":\"pt-BR\",\"@id\":\"https:\/\/mhcalculos.com.br\/market\/#\/schema\/logo\/image\/\",\"url\":\"https:\/\/mhcalculos.com.br\/market\/wp-content\/uploads\/sites\/3\/2019\/05\/mhcalc-icon-1.png\",\"contentUrl\":\"https:\/\/mhcalculos.com.br\/market\/wp-content\/uploads\/sites\/3\/2019\/05\/mhcalc-icon-1.png\",\"width\":200,\"height\":201,\"caption\":\"MH C\u00e1lculos Judiciais\"},\"image\":{\"@id\":\"https:\/\/mhcalculos.com.br\/market\/#\/schema\/logo\/image\/\"}}]}<\/script>\n<!-- \/ Yoast SEO plugin. -->","yoast_head_json":{"title":"Book A Call | MH C\u00e1lculos Market","robots":{"index":"index","follow":"follow","max-snippet":"max-snippet:-1","max-image-preview":"max-image-preview:large","max-video-preview":"max-video-preview:-1"},"canonical":"https:\/\/mhcalculos.com.br\/market\/book-a-call\/","og_locale":"pt_BR","og_type":"article","og_title":"Book A Call | MH C\u00e1lculos Market","og_url":"https:\/\/mhcalculos.com.br\/market\/book-a-call\/","og_site_name":"MH C\u00e1lculos Market","twitter_card":"summary_large_image","twitter_misc":{"Est. tempo de leitura":"12 minutos"},"schema":{"@context":"https:\/\/schema.org","@graph":[{"@type":"WebPage","@id":"https:\/\/mhcalculos.com.br\/market\/book-a-call\/","url":"https:\/\/mhcalculos.com.br\/market\/book-a-call\/","name":"Book A Call | MH C\u00e1lculos Market","isPartOf":{"@id":"https:\/\/mhcalculos.com.br\/market\/#website"},"datePublished":"2020-08-19T10:29:32+00:00","breadcrumb":{"@id":"https:\/\/mhcalculos.com.br\/market\/book-a-call\/#breadcrumb"},"inLanguage":"pt-BR","potentialAction":[{"@type":"ReadAction","target":["https:\/\/mhcalculos.com.br\/market\/book-a-call\/"]}]},{"@type":"BreadcrumbList","@id":"https:\/\/mhcalculos.com.br\/market\/book-a-call\/#breadcrumb","itemListElement":[{"@type":"ListItem","position":1,"name":"In\u00edcio","item":"https:\/\/mhcalculos.com.br\/market\/"},{"@type":"ListItem","position":2,"name":"Book A Call"}]},{"@type":"WebSite","@id":"https:\/\/mhcalculos.com.br\/market\/#website","url":"https:\/\/mhcalculos.com.br\/market\/","name":"MH C\u00e1lculos Market","description":"\u00c1rea de Cliente da MH C\u00e1lculos","publisher":{"@id":"https:\/\/mhcalculos.com.br\/market\/#organization"},"potentialAction":[{"@type":"SearchAction","target":{"@type":"EntryPoint","urlTemplate":"https:\/\/mhcalculos.com.br\/market\/?s={search_term_string}"},"query-input":{"@type":"PropertyValueSpecification","valueRequired":true,"valueName":"search_term_string"}}],"inLanguage":"pt-BR"},{"@type":"Organization","@id":"https:\/\/mhcalculos.com.br\/market\/#organization","name":"MH C\u00e1lculos Judiciais","url":"https:\/\/mhcalculos.com.br\/market\/","logo":{"@type":"ImageObject","inLanguage":"pt-BR","@id":"https:\/\/mhcalculos.com.br\/market\/#\/schema\/logo\/image\/","url":"https:\/\/mhcalculos.com.br\/market\/wp-content\/uploads\/sites\/3\/2019\/05\/mhcalc-icon-1.png","contentUrl":"https:\/\/mhcalculos.com.br\/market\/wp-content\/uploads\/sites\/3\/2019\/05\/mhcalc-icon-1.png","width":200,"height":201,"caption":"MH C\u00e1lculos Judiciais"},"image":{"@id":"https:\/\/mhcalculos.com.br\/market\/#\/schema\/logo\/image\/"}}]}},"acf":[],"_links":{"self":[{"href":"https:\/\/mhcalculos.com.br\/market\/wp-json\/wp\/v2\/pages\/22","targetHints":{"allow":["GET"]}}],"collection":[{"href":"https:\/\/mhcalculos.com.br\/market\/wp-json\/wp\/v2\/pages"}],"about":[{"href":"https:\/\/mhcalculos.com.br\/market\/wp-json\/wp\/v2\/types\/page"}],"author":[{"embeddable":true,"href":"https:\/\/mhcalculos.com.br\/market\/wp-json\/wp\/v2\/users\/17"}],"replies":[{"embeddable":true,"href":"https:\/\/mhcalculos.com.br\/market\/wp-json\/wp\/v2\/comments?post=22"}],"version-history":[{"count":0,"href":"https:\/\/mhcalculos.com.br\/market\/wp-json\/wp\/v2\/pages\/22\/revisions"}],"wp:attachment":[{"href":"https:\/\/mhcalculos.com.br\/market\/wp-json\/wp\/v2\/media?parent=22"}],"curies":[{"name":"wp","href":"https:\/\/api.w.org\/{rel}","templated":true}]}}