{"id":547,"date":"2017-06-30T11:56:47","date_gmt":"2017-06-30T14:56:47","guid":{"rendered":"https:\/\/mhcalculos.com.br\/inegavel-logica\/?page_id=547"},"modified":"2019-11-04T11:03:17","modified_gmt":"2019-11-04T14:03:17","slug":"sobre","status":"publish","type":"page","link":"https:\/\/mhcalculos.com.br\/inegavel-logica\/sobre\/","title":{"rendered":"Sobre a pessoa que escreve este blog"},"content":{"rendered":"<p><div class=\"fusion-fullwidth fullwidth-box fusion-builder-row-1 hundred-percent-fullwidth non-hundred-percent-height-scrolling\" style=\"--awb-border-radius-top-left:0px;--awb-border-radius-top-right:0px;--awb-border-radius-bottom-right:0px;--awb-border-radius-bottom-left:0px;--awb-margin-top:100px;--awb-margin-bottom:100px;--awb-flex-wrap:wrap;\" ><div class=\"fusion-builder-row fusion-row\"><div class=\"fusion-layout-column fusion_builder_column fusion-builder-column-0 fusion_builder_column_1_6 1_6 fusion-one-sixth fusion-column-first\" style=\"--awb-bg-size:cover;width:16.666666666667%;width:calc(16.666666666667% - ( ( 4% + 4% + 4% ) * 0.16666666666667 ) );margin-right: 4%;\"><div class=\"fusion-column-wrapper fusion-flex-column-wrapper-legacy\"><div class=\"fusion-clearfix\"><\/div><\/div><\/div><div class=\"fusion-layout-column fusion_builder_column fusion-builder-column-1 fusion_builder_column_1_2 1_2 fusion-one-half\" style=\"--awb-bg-size:cover;--awb-margin-bottom:0px;width:50%;width:calc(50% - ( ( 4% + 4% + 4% ) * 0.5 ) );margin-right: 4%;\"><div class=\"fusion-column-wrapper fusion-flex-column-wrapper-legacy\"><div class=\"fusion-text fusion-text-1\"><p><span class=\"fusion-dropcap dropcap dropcap-boxed\" style=\"--awb-border-radius:0px;\">C<\/span>omo vai? Fico feliz que queira conhecer um pouco sobre essa pessoa que aqui escreve, \u00e9 sempre bacana estreitar essa rela\u00e7\u00e3o mesmo que no mundo digital n\u00e3o \u00e9 mesmo? at\u00e9 porque sou humano e desejo assim como voc\u00ea me tornar melhor dia ap\u00f3s dia!<\/p>\n<p>Eu me chamo Marlos Henrique, sou Economista e tamb\u00e9m Perito. Sou um cara muito, mas muito realizado na per\u00edcia financeira judicial, foi nela que encontrei a minha verdadeira voca\u00e7\u00e3o profissional e uma de minhas grandes paix\u00f5es e motiva\u00e7\u00f5es de vida. Ser Perito \u00e9 algo que me orgulho profundamente pois al\u00e9m de ser chamado de &#8220;Perito&#8221; que significa ser &#8220;O CARA&#8221; nesta \u00e1rea, posso contribuir ativamente com o desenvolvimento da justi\u00e7a no pa\u00eds e esse \u00e9 o meu maior sentimento, de realmente fazer a minha parte neste mundo que precisa tanto de boas pessoas.<\/p>\n<p>H\u00e1 quem diga que devemos nos especializar em determinada mat\u00e9ria de c\u00e1lculo, e existe aqueles tipo o Marlos que amam tudo de c\u00e1lculo e decidem ser bons em tudo que faz, n\u00e3o importa a mat\u00e9ria, seja banc\u00e1ria, c\u00edvel, \u00a0previdenci\u00e1ria, tribut\u00e1ria, enfim&#8230; N\u00e3o h\u00e1 segredos pra isso, basta confiar em voc\u00ea e estudar, estudar, estudar&#8230; viu como \u00e9 f\u00e1cil? Claro que a ajuda do pessoal &#8220;l\u00e1 de cima&#8221; tamb\u00e9m conta.<\/p>\n<p>H\u00e1 10 anos criei a empresa MH C\u00e1lculos que hoje \u00e9 reconhecida a n\u00edvel nacional em praticamente todos os tribunais de justi\u00e7a do pa\u00eds e tamb\u00e9m pelos escrit\u00f3rios de advocacia, mas isso n\u00e3o aconteceu de uma hora para outra e nem por sorte, mas sim por compet\u00eancia e dedica\u00e7\u00e3o. Nosso trabalho de Perito \u00e9 transformar palavras em n\u00fameros e devolver precis\u00e3o nestes valores. Quando conseguimos aliar essa tradu\u00e7\u00e3o com n\u00fameros precisos, temos c\u00e1lculos verdadeiros e que realmente devolvem aquilo que foi determinado pela justi\u00e7a, e quando fazemos isso ganhamos credibilidade, confian\u00e7a e acima de tudo respeito no judici\u00e1rio.<\/p>\n<p>A projeto de ensino seja pelo Blog ou pelo projeto Escola de C\u00e1lculos nasceu de uma necessidade minha muito natural de contribuir ainda mais com essa \u00e1rea que tanto me devolve coisas boas, n\u00e3o apenas financeira, mas pessoal e muitos, mas muitos desafios.\u00a0Decidi ent\u00e3o com muita alegria, dividir com todos, os meus estudos\u2026<span id=\"more-47\"><\/span>minhas ideias e acima de tudo, meus m\u00e9todos de c\u00e1lculo\u2026\u00a0A matem\u00e1tica \u00e9 exata, ou seja, \u00e9 uma\u00a0<strong>INEG\u00c1VEL L\u00d3GICA<\/strong>\u00a0e eu pretendo aqui, compartilhar meus conhecimentos de forma integral,\u00a0sem segredos ou enrola\u00e7\u00e3o. Estarei redirecionando boa parte dos meus esfor\u00e7os e verdades para a produ\u00e7\u00e3o de conte\u00fados que ser\u00e3o realmente \u00fateis para todos os interessados da mat\u00e9ria, eu garanto!<\/p>\n<p>Se quiser conhecer um pouco mais sobre a minha empresa acesse\u00a0<a href=\"https:\/\/mhcalculos.com.br\/\" target=\"_blank\" rel=\"noopener noreferrer\">clique aqui<\/a><\/p>\n<p>Um abra\u00e7o cheio de boas inten\u00e7\u00f5es e seja muito bem vindo ao mundo dos c\u00e1lculos judiciais.<\/p>\n<p style=\"font-size: 110%; font-weight: 600; letter-spacing: 2px;\"><span style=\"color: #ffffff; background: #03a49f; padding: 0px 2px;\">MARLOS<\/span> HENRIQUE<\/p>\n<\/div><div class=\"fusion-clearfix\"><\/div><\/div><\/div><div class=\"fusion-layout-column fusion_builder_column fusion-builder-column-2 fusion_builder_column_1_6 1_6 fusion-one-sixth\" style=\"--awb-bg-size:cover;width:16.666666666667%;width:calc(16.666666666667% - ( ( 4% + 4% + 4% ) * 0.16666666666667 ) );margin-right: 4%;\"><div class=\"fusion-column-wrapper fusion-flex-column-wrapper-legacy\"><div class=\"fusion-widget-area awb-widget-area-element fusion-widget-area-1 fusion-content-widget-area\" style=\"--awb-title-color:#333333;--awb-padding:0px 0px 0px 0px;\"><div id=\"search-3\" class=\"widget widget_search\">\t\t<form role=\"search\" class=\"searchform fusion-search-form  fusion-search-form-classic\" method=\"get\" action=\"https:\/\/mhcalculos.com.br\/inegavel-logica\/\">\n\t\t\t<div class=\"fusion-search-form-content\">\n\n\t\t\t\t\n\t\t\t\t<div class=\"fusion-search-field search-field\">\n\t\t\t\t\t<label><span class=\"screen-reader-text\">Buscar resultados para:<\/span>\n\t\t\t\t\t\t\t\t\t\t\t\t\t<input type=\"search\" value=\"\" name=\"s\" class=\"s\" placeholder=\"Pesquisar...\" required aria-required=\"true\" aria-label=\"Pesquisar...\"\/>\n\t\t\t\t\t\t\t\t\t\t\t<\/label>\n\t\t\t\t<\/div>\n\t\t\t\t<div class=\"fusion-search-button search-button\">\n\t\t\t\t\t<input type=\"submit\" class=\"fusion-search-submit searchsubmit\" aria-label=\"Pesquisar\" value=\"&#xf002;\" \/>\n\t\t\t\t\t\t\t\t\t<\/div>\n\n\t\t\t\t\n\t\t\t<\/div>\n\n\n\t\t\t\n\t\t<\/form>\n\t\t<\/div><div id=\"social_links-widget-3\" class=\"widget social_links\"><div class=\"heading\"><h4 class=\"widget-title\">Nas M\u00eddias Sociais<\/h4><\/div>\n\t\t<div class=\"fusion-social-networks boxed-icons\">\n\n\t\t\t<div class=\"fusion-social-networks-wrapper\">\n\t\t\t\t\t\t\t\t\t\t\t\t\t\t\t\t\t\t\t\t\t\t\t\t\t\t\t\t\n\t\t\t\t\t\t\n\t\t\t\t\t\t\t\t\t\t\t\t\t\t\t\t\t\t\t\t\t\t\t\t\t\t\t\t\t\t\t\t\t\t\t<a class=\"fusion-social-network-icon fusion-tooltip fusion-facebook awb-icon-facebook\" href=\"https:\/\/www.facebook.com\/mhcalculosjudiciais\/\"  data-placement=\"top\" data-title=\"Facebook\" data-toggle=\"tooltip\" data-original-title=\"\"  title=\"Facebook\" aria-label=\"Facebook\" rel=\"noopener noreferrer\" target=\"_self\" style=\"border-radius:0px;padding:12.5px;font-size:25px;color:#ffffff;background-color:#03a49f;border-color:#03a49f;\"><\/a>\n\t\t\t\t\t\t\t\t\t\t\t\n\t\t\t\t\t\t\t\t\t\t\n\t\t\t\t\t\t\t\t\t\t\t\t\t\t\t\t\t\t\t\t\n\t\t\t\t\t\t\n\t\t\t\t\t\t\t\t\t\t\t\t\t\t\t\t\t\t\t\t\t\t\t\t\t\t\t\t\t\t\t\t\t\t\t<a class=\"fusion-social-network-icon fusion-tooltip fusion-linkedin awb-icon-linkedin\" href=\"https:\/\/www.linkedin.com\/company\/mh-c-lculos-assessoria\"  data-placement=\"top\" data-title=\"LinkedIn\" data-toggle=\"tooltip\" data-original-title=\"\"  title=\"LinkedIn\" aria-label=\"LinkedIn\" rel=\"noopener noreferrer\" target=\"_self\" style=\"border-radius:0px;padding:12.5px;font-size:25px;color:#ffffff;background-color:#03a49f;border-color:#03a49f;\"><\/a>\n\t\t\t\t\t\t\t\t\t\t\t\n\t\t\t\t\t\t\t\t\t\t\n\t\t\t\t\t\t\t\t\t\t\t\t\t\t\t\t\t\t\t\t\n\t\t\t\t\t\t\n\t\t\t\t\t\t\t\t\t\t\t\t\t\t\t\t\t\t\t\t\t\t\t\t\t\t\t\t\t\t\t\t\t\t\t<a class=\"fusion-social-network-icon fusion-tooltip fusion-youtube awb-icon-youtube\" href=\"https:\/\/www.youtube.com\/channel\/UCht7Pxd5XOcnNpgqTHHCNXg\"  data-placement=\"top\" data-title=\"Youtube\" data-toggle=\"tooltip\" data-original-title=\"\"  title=\"YouTube\" aria-label=\"YouTube\" rel=\"noopener noreferrer\" target=\"_self\" style=\"border-radius:0px;padding:12.5px;font-size:25px;color:#ffffff;background-color:#03a49f;border-color:#03a49f;\"><\/a>\n\t\t\t\t\t\t\t\t\t\t\t\n\t\t\t\t\t\t\t\t\t\t\n\t\t\t\t\n\t\t\t<\/div>\n\t\t<\/div>\n\n\t\t<\/div><div id=\"categories-7\" class=\"widget widget_categories\"><div class=\"heading\"><h4 class=\"widget-title\">Categorias<\/h4><\/div>\n\t\t\t<ul>\n\t\t\t\t\t<li class=\"cat-item cat-item-1292\"><a href=\"https:\/\/mhcalculos.com.br\/inegavel-logica\/category\/calculos-atuariais\/\">C\u00e1lculos atuariais (1)<\/a>\n<\/li>\n\t<li class=\"cat-item cat-item-1\"><a href=\"https:\/\/mhcalculos.com.br\/inegavel-logica\/category\/calculos-bancarios\/\">C\u00e1lculos banc\u00e1rios (26)<\/a>\n<\/li>\n\t<li class=\"cat-item cat-item-1316\"><a href=\"https:\/\/mhcalculos.com.br\/inegavel-logica\/category\/calculos-civeis\/\">C\u00e1lculos c\u00edveis (4)<\/a>\n<\/li>\n\t<li class=\"cat-item cat-item-3\"><a href=\"https:\/\/mhcalculos.com.br\/inegavel-logica\/category\/calculos-previdenciarios\/\">C\u00e1lculos previdenci\u00e1rios (24)<\/a>\n<\/li>\n\t<li class=\"cat-item cat-item-4\"><a href=\"https:\/\/mhcalculos.com.br\/inegavel-logica\/category\/calculos-trabalhistas\/\">C\u00e1lculos trabalhistas (20)<\/a>\n<\/li>\n\t<li class=\"cat-item cat-item-6\"><a href=\"https:\/\/mhcalculos.com.br\/inegavel-logica\/category\/calculos-tributarios\/\">C\u00e1lculos tribut\u00e1rios (14)<\/a>\n<\/li>\n\t<li class=\"cat-item cat-item-5\"><a href=\"https:\/\/mhcalculos.com.br\/inegavel-logica\/category\/dicas-de-calculos-para-advogados\/\">Dicas de c\u00e1lculo para advogados (15)<\/a>\n<\/li>\n\t<li class=\"cat-item cat-item-21\"><a href=\"https:\/\/mhcalculos.com.br\/inegavel-logica\/category\/material-educativo\/ebook\/\">Ebooks (2)<\/a>\n<\/li>\n\t<li class=\"cat-item cat-item-36\"><a href=\"https:\/\/mhcalculos.com.br\/inegavel-logica\/category\/escola-de-calculos-judiciais\/\">Escola de C\u00e1lculos Judiciais (10)<\/a>\n<\/li>\n\t<li class=\"cat-item cat-item-23\"><a href=\"https:\/\/mhcalculos.com.br\/inegavel-logica\/category\/geral\/\">Geral (42)<\/a>\n<\/li>\n\t<li class=\"cat-item cat-item-2\"><a href=\"https:\/\/mhcalculos.com.br\/inegavel-logica\/category\/material-educativo\/\">Materiais educativos (2)<\/a>\n<\/li>\n\t<li class=\"cat-item cat-item-7\"><a href=\"https:\/\/mhcalculos.com.br\/inegavel-logica\/category\/outras-materias-de-calculo\/\">Outras mat\u00e9rias de c\u00e1lculo (1)<\/a>\n<\/li>\n\t\t\t<\/ul>\n\n\t\t\t<\/div><div class=\"fusion-additional-widget-content\"><\/div><\/div><div class=\"fusion-clearfix\"><\/div><\/div><\/div><div class=\"fusion-layout-column fusion_builder_column fusion-builder-column-3 fusion_builder_column_1_6 1_6 fusion-one-sixth fusion-column-last\" style=\"--awb-bg-size:cover;width:16.666666666667%;width:calc(16.666666666667% - ( ( 4% + 4% + 4% ) * 0.16666666666667 ) );\"><div class=\"fusion-column-wrapper fusion-flex-column-wrapper-legacy\"><div class=\"fusion-clearfix\"><\/div><\/div><\/div><\/div><\/div><div class=\"fusion-bg-parallax\" data-bg-align=\"center center\" data-direction=\"left\" data-mute=\"false\" data-opacity=\"100\" data-velocity=\"-0.2\" data-mobile-enabled=\"false\" data-break_parents=\"0\" data-bg-image=\"https:\/\/mhcalculos.com.br\/inegavel-logica\/wp-content\/uploads\/sites\/4\/2018\/12\/inegavel-contato-bg.png\" data-bg-repeat=\"false\" ><\/div><div class=\"fusion-fullwidth fullwidth-box fusion-builder-row-2 has-pattern-background has-mask-background fusion-parallax-left nonhundred-percent-fullwidth non-hundred-percent-height-scrolling fusion-equal-height-columns\" style=\"--awb-border-sizes-top:0px;--awb-border-sizes-bottom:0px;--awb-border-sizes-left:0px;--awb-border-sizes-right:0px;--awb-border-radius-top-left:0px;--awb-border-radius-top-right:0px;--awb-border-radius-bottom-right:0px;--awb-border-radius-bottom-left:0px;--awb-background-image:url(&quot;https:\/\/mhcalculos.com.br\/inegavel-logica\/wp-content\/uploads\/sites\/4\/2018\/12\/inegavel-contato-bg.png&quot;);--awb-background-size:cover;--awb-flex-wrap:wrap;\" ><div class=\"fusion-builder-row fusion-row\"><div class=\"fusion-layout-column fusion_builder_column fusion-builder-column-4 fusion_builder_column_1_1 1_1 fusion-one-full fusion-column-first fusion-column-last fusion-animated\" style=\"--awb-padding-top:18%;--awb-padding-bottom:18%;--awb-bg-size:cover;\" data-animationType=\"fadeInUp\" data-animationDuration=\"0.6\" data-animationOffset=\"top-into-view\"><div class=\"fusion-column-wrapper fusion-flex-column-wrapper-legacy\"><div class=\"fusion-column-content-centered\"><div class=\"fusion-column-content\"><div class=\"fusion-image-element fusion-image-align-center in-legacy-container\" style=\"text-align:center;--awb-caption-title-font-family:var(--h2_typography-font-family);--awb-caption-title-font-weight:var(--h2_typography-font-weight);--awb-caption-title-font-style:var(--h2_typography-font-style);--awb-caption-title-size:var(--h2_typography-font-size);--awb-caption-title-transform:var(--h2_typography-text-transform);--awb-caption-title-line-height:var(--h2_typography-line-height);--awb-caption-title-letter-spacing:var(--h2_typography-letter-spacing);\"><div class=\"imageframe-align-center\"><span class=\" fusion-imageframe imageframe-none imageframe-1 hover-type-none fusion-animated\" data-animationType=\"fadeIn\" data-animationDuration=\"0.8\" data-animationOffset=\"top-into-view\"><img decoding=\"async\" width=\"100\" height=\"160\" title=\"logo-inegavel-logica-branco-100&#215;160\" src=\"https:\/\/mhcalculos.com.br\/inegavel-logica\/wp-content\/uploads\/sites\/4\/2018\/12\/logo-inegavel-logica-branco-100x160.png\" alt class=\"img-responsive wp-image-989\"\/><\/span><\/div><\/div><\/div><\/div><div class=\"fusion-clearfix\"><\/div><\/div><\/div><\/div><\/div>\n<\/p>\n","protected":false},"excerpt":{"rendered":"","protected":false},"author":29,"featured_media":0,"parent":0,"menu_order":0,"comment_status":"closed","ping_status":"closed","template":"100-width.php","meta":{"footnotes":""},"class_list":["post-547","page","type-page","status-publish","hentry"],"yoast_head":"<!-- This site is optimized with the Yoast SEO plugin v27.2 - https:\/\/yoast.com\/product\/yoast-seo-wordpress\/ -->\n<title>Sobre a pessoa que escreve este blog - Ineg\u00e1vel L\u00f3gica dos C\u00e1lculos Judiciais<\/title>\n<meta name=\"robots\" content=\"index, follow, max-snippet:-1, max-image-preview:large, max-video-preview:-1\" \/>\n<link rel=\"canonical\" href=\"https:\/\/mhcalculos.com.br\/inegavel-logica\/sobre\/\" \/>\n<meta property=\"og:locale\" content=\"pt_BR\" \/>\n<meta property=\"og:type\" content=\"article\" \/>\n<meta property=\"og:title\" content=\"Sobre a pessoa que escreve este blog - Ineg\u00e1vel L\u00f3gica dos C\u00e1lculos Judiciais\" \/>\n<meta property=\"og:url\" content=\"https:\/\/mhcalculos.com.br\/inegavel-logica\/sobre\/\" \/>\n<meta property=\"og:site_name\" content=\"Ineg\u00e1vel L\u00f3gica dos C\u00e1lculos Judiciais\" \/>\n<meta property=\"article:modified_time\" content=\"2019-11-04T14:03:17+00:00\" \/>\n<meta name=\"twitter:card\" content=\"summary_large_image\" \/>\n<meta name=\"twitter:label1\" content=\"Est. tempo de leitura\" \/>\n\t<meta name=\"twitter:data1\" content=\"5 minutos\" \/>\n<script type=\"application\/ld+json\" class=\"yoast-schema-graph\">{\"@context\":\"https:\/\/schema.org\",\"@graph\":[{\"@type\":\"WebPage\",\"@id\":\"https:\/\/mhcalculos.com.br\/inegavel-logica\/sobre\/\",\"url\":\"https:\/\/mhcalculos.com.br\/inegavel-logica\/sobre\/\",\"name\":\"Sobre a pessoa que escreve este blog - Ineg\u00e1vel L\u00f3gica dos C\u00e1lculos Judiciais\",\"isPartOf\":{\"@id\":\"https:\/\/mhcalculos.com.br\/inegavel-logica\/#website\"},\"datePublished\":\"2017-06-30T14:56:47+00:00\",\"dateModified\":\"2019-11-04T14:03:17+00:00\",\"breadcrumb\":{\"@id\":\"https:\/\/mhcalculos.com.br\/inegavel-logica\/sobre\/#breadcrumb\"},\"inLanguage\":\"pt-BR\",\"potentialAction\":[{\"@type\":\"ReadAction\",\"target\":[\"https:\/\/mhcalculos.com.br\/inegavel-logica\/sobre\/\"]}]},{\"@type\":\"BreadcrumbList\",\"@id\":\"https:\/\/mhcalculos.com.br\/inegavel-logica\/sobre\/#breadcrumb\",\"itemListElement\":[{\"@type\":\"ListItem\",\"position\":1,\"name\":\"In\u00edcio\",\"item\":\"https:\/\/mhcalculos.com.br\/inegavel-logica\/\"},{\"@type\":\"ListItem\",\"position\":2,\"name\":\"Sobre a pessoa que escreve este blog\"}]},{\"@type\":\"WebSite\",\"@id\":\"https:\/\/mhcalculos.com.br\/inegavel-logica\/#website\",\"url\":\"https:\/\/mhcalculos.com.br\/inegavel-logica\/\",\"name\":\"Ineg\u00e1vel L\u00f3gica dos C\u00e1lculos Judiciais\",\"description\":\"A Ineg\u00e1vel L\u00f3gica dos C\u00e1lculos Judiciais\",\"potentialAction\":[{\"@type\":\"SearchAction\",\"target\":{\"@type\":\"EntryPoint\",\"urlTemplate\":\"https:\/\/mhcalculos.com.br\/inegavel-logica\/?s={search_term_string}\"},\"query-input\":{\"@type\":\"PropertyValueSpecification\",\"valueRequired\":true,\"valueName\":\"search_term_string\"}}],\"inLanguage\":\"pt-BR\"}]}<\/script>\n<!-- \/ Yoast SEO plugin. -->","yoast_head_json":{"title":"Sobre a pessoa que escreve este blog - Ineg\u00e1vel L\u00f3gica dos C\u00e1lculos Judiciais","robots":{"index":"index","follow":"follow","max-snippet":"max-snippet:-1","max-image-preview":"max-image-preview:large","max-video-preview":"max-video-preview:-1"},"canonical":"https:\/\/mhcalculos.com.br\/inegavel-logica\/sobre\/","og_locale":"pt_BR","og_type":"article","og_title":"Sobre a pessoa que escreve este blog - Ineg\u00e1vel L\u00f3gica dos C\u00e1lculos Judiciais","og_url":"https:\/\/mhcalculos.com.br\/inegavel-logica\/sobre\/","og_site_name":"Ineg\u00e1vel L\u00f3gica dos C\u00e1lculos Judiciais","article_modified_time":"2019-11-04T14:03:17+00:00","twitter_card":"summary_large_image","twitter_misc":{"Est. tempo de leitura":"5 minutos"},"schema":{"@context":"https:\/\/schema.org","@graph":[{"@type":"WebPage","@id":"https:\/\/mhcalculos.com.br\/inegavel-logica\/sobre\/","url":"https:\/\/mhcalculos.com.br\/inegavel-logica\/sobre\/","name":"Sobre a pessoa que escreve este blog - Ineg\u00e1vel L\u00f3gica dos C\u00e1lculos Judiciais","isPartOf":{"@id":"https:\/\/mhcalculos.com.br\/inegavel-logica\/#website"},"datePublished":"2017-06-30T14:56:47+00:00","dateModified":"2019-11-04T14:03:17+00:00","breadcrumb":{"@id":"https:\/\/mhcalculos.com.br\/inegavel-logica\/sobre\/#breadcrumb"},"inLanguage":"pt-BR","potentialAction":[{"@type":"ReadAction","target":["https:\/\/mhcalculos.com.br\/inegavel-logica\/sobre\/"]}]},{"@type":"BreadcrumbList","@id":"https:\/\/mhcalculos.com.br\/inegavel-logica\/sobre\/#breadcrumb","itemListElement":[{"@type":"ListItem","position":1,"name":"In\u00edcio","item":"https:\/\/mhcalculos.com.br\/inegavel-logica\/"},{"@type":"ListItem","position":2,"name":"Sobre a pessoa que escreve este blog"}]},{"@type":"WebSite","@id":"https:\/\/mhcalculos.com.br\/inegavel-logica\/#website","url":"https:\/\/mhcalculos.com.br\/inegavel-logica\/","name":"Ineg\u00e1vel L\u00f3gica dos C\u00e1lculos Judiciais","description":"A Ineg\u00e1vel L\u00f3gica dos C\u00e1lculos Judiciais","potentialAction":[{"@type":"SearchAction","target":{"@type":"EntryPoint","urlTemplate":"https:\/\/mhcalculos.com.br\/inegavel-logica\/?s={search_term_string}"},"query-input":{"@type":"PropertyValueSpecification","valueRequired":true,"valueName":"search_term_string"}}],"inLanguage":"pt-BR"}]}},"_links":{"self":[{"href":"https:\/\/mhcalculos.com.br\/inegavel-logica\/wp-json\/wp\/v2\/pages\/547","targetHints":{"allow":["GET"]}}],"collection":[{"href":"https:\/\/mhcalculos.com.br\/inegavel-logica\/wp-json\/wp\/v2\/pages"}],"about":[{"href":"https:\/\/mhcalculos.com.br\/inegavel-logica\/wp-json\/wp\/v2\/types\/page"}],"author":[{"embeddable":true,"href":"https:\/\/mhcalculos.com.br\/inegavel-logica\/wp-json\/wp\/v2\/users\/29"}],"replies":[{"embeddable":true,"href":"https:\/\/mhcalculos.com.br\/inegavel-logica\/wp-json\/wp\/v2\/comments?post=547"}],"version-history":[{"count":6,"href":"https:\/\/mhcalculos.com.br\/inegavel-logica\/wp-json\/wp\/v2\/pages\/547\/revisions"}],"predecessor-version":[{"id":2716,"href":"https:\/\/mhcalculos.com.br\/inegavel-logica\/wp-json\/wp\/v2\/pages\/547\/revisions\/2716"}],"wp:attachment":[{"href":"https:\/\/mhcalculos.com.br\/inegavel-logica\/wp-json\/wp\/v2\/media?parent=547"}],"curies":[{"name":"wp","href":"https:\/\/api.w.org\/{rel}","templated":true}]}}